{"id":10,"date":"2012-09-02T16:00:37","date_gmt":"2012-09-02T16:00:37","guid":{"rendered":"http:\/\/www.werkrealschule-unterer-neckar.de\/?page_id=10"},"modified":"2016-01-21T11:49:25","modified_gmt":"2016-01-21T09:49:25","slug":"schulleben","status":"publish","type":"page","link":"https:\/\/www.werkrealschule-unterer-neckar.de\/?page_id=10","title":{"rendered":"Team sein"},"content":{"rendered":"<p align=\"left\">W\u00e4hrend wir lehren, w\u00e4hrend wir lernen, w\u00e4hrend unsere Kinder einen Schulabschluss anstreben,<\/p>\n<p align=\"left\"><strong>leben wir!<\/strong><\/p>\n<p align=\"left\">Wir alle verbringen einen gro\u00dfen Teil unserer Lebenszeit an der Werkrealschule Unterer Neckar.<\/p>\n<p>Daher verstehen wir Schule als Lebensraum von vielen, ein Lebensraum f\u00fcr alle Beteiligten.<br \/>\nDamit Lernen und Lehren sinnvoll stattfinden kann, soll die ein Ort sein,<\/p>\n<ul>\n<li>an dem wir uns alle respektvoll begegnen<\/li>\n<li>der von einer guten Arbeitsatmosph\u00e4re gepr\u00e4gt ist<\/li>\n<\/ul>\n","protected":false},"excerpt":{"rendered":"<p>W\u00e4hrend wir lehren, w\u00e4hrend wir lernen, w\u00e4hrend unsere Kinder einen Schulabschluss anstreben, leben wir! Wir alle verbringen einen gro\u00dfen Teil unserer Lebenszeit an der Werkrealschule Unterer Neckar. Daher verstehen wir Schule als Lebensraum von vielen, ein Lebensraum f\u00fcr alle Beteiligten. Damit Lernen und Lehren sinnvoll stattfinden kann, soll die ein Ort sein, an dem wir [&hellip;]<\/p>\n","protected":false},"author":4,"featured_media":0,"parent":0,"menu_order":20,"comment_status":"closed","ping_status":"closed","template":"","meta":{"footnotes":""},"class_list":["post-10","page","type-page","status-publish","hentry"],"_links":{"self":[{"href":"https:\/\/www.werkrealschule-unterer-neckar.de\/index.php?rest_route=\/wp\/v2\/pages\/10","targetHints":{"allow":["GET"]}}],"collection":[{"href":"https:\/\/www.werkrealschule-unterer-neckar.de\/index.php?rest_route=\/wp\/v2\/pages"}],"about":[{"href":"https:\/\/www.werkrealschule-unterer-neckar.de\/index.php?rest_route=\/wp\/v2\/types\/page"}],"author":[{"embeddable":true,"href":"https:\/\/www.werkrealschule-unterer-neckar.de\/index.php?rest_route=\/wp\/v2\/users\/4"}],"replies":[{"embeddable":true,"href":"https:\/\/www.werkrealschule-unterer-neckar.de\/index.php?rest_route=%2Fwp%2Fv2%2Fcomments&post=10"}],"version-history":[{"count":0,"href":"https:\/\/www.werkrealschule-unterer-neckar.de\/index.php?rest_route=\/wp\/v2\/pages\/10\/revisions"}],"wp:attachment":[{"href":"https:\/\/www.werkrealschule-unterer-neckar.de\/index.php?rest_route=%2Fwp%2Fv2%2Fmedia&parent=10"}],"curies":[{"name":"wp","href":"https:\/\/api.w.org\/{rel}","templated":true}]}}