{"id":12,"date":"2010-11-16T07:39:34","date_gmt":"2010-11-16T07:39:34","guid":{"rendered":"http:\/\/www.werkrealschule-unterer-neckar.de\/?page_id=12"},"modified":"2026-01-08T12:50:33","modified_gmt":"2026-01-08T10:50:33","slug":"schulleitung-sekretariat","status":"publish","type":"page","link":"https:\/\/www.werkrealschule-unterer-neckar.de\/?page_id=12","title":{"rendered":"Schulleitung &#038; Sekretariat"},"content":{"rendered":"<h2>Schulleitung<\/h2>\n<p>Rektor<br \/>\nJohannes P\u00f6ckler<br \/>\nE-Mail:\u00a0<a title=\"mail@wrs-unterer-neckar.schule.bwl.de\" href=\"Mailto:mail@wrs-unterer-neckar.schule.bwl.de\">mail@wrs-unterer-neckar.schule.bwl.de<\/a><\/p>\n<p>Mitglied des Schulleitungsteams<br \/>\nNina Salinger<br \/>\nE-Mail: <a title=\"mail@wrs-unterer-neckar.schule.bwl.de\" href=\"Mailto:mail@wrs-unterer-neckar.schule.bwl.de\">mail@wrs-unterer-neckar.schule.bwl.de<\/a><\/p>\n<h2>Sekretariat<\/h2>\n<p>Ba\u015fak Zorlu<br \/>\nTelefon: 06203 70-470<br \/>\nE-Mail: <a href=\"mailto:werkrealschule-unterer-neckar@gmx.de\">werkrealschule-unterer-neckar@gmx.de<\/a><\/p>\n<p>\u00d6ffnungszeiten des Sekretariats:<br \/>\nMontag \u2013 Freitag: 8.30 \u2013 11.30 Uhr<\/p>\n<p>Schriftliche Nachrichten k\u00f6nnen au\u00dferhalb der \u00d6ffnungszeiten des Sekretariats in den Briefkasten vor dem Sekretariat eingeworfen werden.<\/p>\n","protected":false},"excerpt":{"rendered":"<p>Schulleitung Rektor Johannes P\u00f6ckler E-Mail:\u00a0mail@wrs-unterer-neckar.schule.bwl.de Mitglied des Schulleitungsteams Nina Salinger E-Mail: mail@wrs-unterer-neckar.schule.bwl.de Sekretariat Ba\u015fak Zorlu Telefon: 06203 70-470 E-Mail: werkrealschule-unterer-neckar@gmx.de \u00d6ffnungszeiten des Sekretariats: Montag \u2013 Freitag: 8.30 \u2013 11.30 Uhr Schriftliche Nachrichten k\u00f6nnen au\u00dferhalb der \u00d6ffnungszeiten des Sekretariats in den Briefkasten vor dem Sekretariat eingeworfen werden.<\/p>\n","protected":false},"author":4,"featured_media":0,"parent":10,"menu_order":10,"comment_status":"closed","ping_status":"closed","template":"","meta":{"footnotes":""},"class_list":["post-12","page","type-page","status-publish","hentry"],"_links":{"self":[{"href":"https:\/\/www.werkrealschule-unterer-neckar.de\/index.php?rest_route=\/wp\/v2\/pages\/12","targetHints":{"allow":["GET"]}}],"collection":[{"href":"https:\/\/www.werkrealschule-unterer-neckar.de\/index.php?rest_route=\/wp\/v2\/pages"}],"about":[{"href":"https:\/\/www.werkrealschule-unterer-neckar.de\/index.php?rest_route=\/wp\/v2\/types\/page"}],"author":[{"embeddable":true,"href":"https:\/\/www.werkrealschule-unterer-neckar.de\/index.php?rest_route=\/wp\/v2\/users\/4"}],"replies":[{"embeddable":true,"href":"https:\/\/www.werkrealschule-unterer-neckar.de\/index.php?rest_route=%2Fwp%2Fv2%2Fcomments&post=12"}],"version-history":[{"count":0,"href":"https:\/\/www.werkrealschule-unterer-neckar.de\/index.php?rest_route=\/wp\/v2\/pages\/12\/revisions"}],"up":[{"embeddable":true,"href":"https:\/\/www.werkrealschule-unterer-neckar.de\/index.php?rest_route=\/wp\/v2\/pages\/10"}],"wp:attachment":[{"href":"https:\/\/www.werkrealschule-unterer-neckar.de\/index.php?rest_route=%2Fwp%2Fv2%2Fmedia&parent=12"}],"curies":[{"name":"wp","href":"https:\/\/api.w.org\/{rel}","templated":true}]}}