{"id":16,"date":"2010-11-21T19:18:48","date_gmt":"2010-11-21T19:18:48","guid":{"rendered":"http:\/\/www.werkrealschule-unterer-neckar.de\/?page_id=16"},"modified":"2025-11-17T11:53:54","modified_gmt":"2025-11-17T09:53:54","slug":"eltern","status":"publish","type":"page","link":"https:\/\/www.werkrealschule-unterer-neckar.de\/?page_id=16","title":{"rendered":"Elternarbeit"},"content":{"rendered":"<p>Elternarbeit findet an\u00a0unserer Schule in\u00a0unterschiedlichster Form statt:<\/p>\n<ul>\n<li>Allgemeine Elternabende<\/li>\n<li>Elternsprechtage<\/li>\n<li>Schulkonferenz<\/li>\n<li>Informationsveranstaltungen f\u00fcr Eltern zuk\u00fcnftiger Sch\u00fcler\/-innen<\/li>\n<li>Intensive Einzelberatung in Klasse 9 zur neuen Pr\u00fcfungsordnung und den \u00dcbergang in Klasse 10<\/li>\n<li>Individuelle Gespr\u00e4chstermine mit Klassenlehrer\/-innen und Fachlehrer\/-innen sind jederzeit m\u00f6glich<\/li>\n<li>Telefonkontakt mit den Eltern bei Auff\u00e4lligkeiten einzelner Sch\u00fcler\/-innen durch die betreffenden Lehrer\/-innen<\/li>\n<li>Telefonische R\u00fcckfrage bei unentschuldigtem Fehlen\u00a0Ihres Kindes<\/li>\n<li>Schriftliche Information der Eltern bei vorzeitiger Entlassung aus dem Unterricht<\/li>\n<li>Schriftliche Information der Eltern bei Fehlverhalten einzelner Sch\u00fcler\/-innen<\/li>\n<li>Erschlie\u00dfen externer Hilfen<\/li>\n<\/ul>\n","protected":false},"excerpt":{"rendered":"<p>Elternarbeit findet an\u00a0unserer Schule in\u00a0unterschiedlichster Form statt: Allgemeine Elternabende Elternsprechtage Schulkonferenz Informationsveranstaltungen f\u00fcr Eltern zuk\u00fcnftiger Sch\u00fcler\/-innen Intensive Einzelberatung in Klasse 9 zur neuen Pr\u00fcfungsordnung und den \u00dcbergang in Klasse 10 Individuelle Gespr\u00e4chstermine mit Klassenlehrer\/-innen und Fachlehrer\/-innen sind jederzeit m\u00f6glich Telefonkontakt mit den Eltern bei Auff\u00e4lligkeiten einzelner Sch\u00fcler\/-innen durch die betreffenden Lehrer\/-innen Telefonische R\u00fcckfrage bei unentschuldigtem [&hellip;]<\/p>\n","protected":false},"author":4,"featured_media":0,"parent":10,"menu_order":70,"comment_status":"closed","ping_status":"closed","template":"","meta":{"footnotes":""},"class_list":["post-16","page","type-page","status-publish","hentry"],"_links":{"self":[{"href":"https:\/\/www.werkrealschule-unterer-neckar.de\/index.php?rest_route=\/wp\/v2\/pages\/16","targetHints":{"allow":["GET"]}}],"collection":[{"href":"https:\/\/www.werkrealschule-unterer-neckar.de\/index.php?rest_route=\/wp\/v2\/pages"}],"about":[{"href":"https:\/\/www.werkrealschule-unterer-neckar.de\/index.php?rest_route=\/wp\/v2\/types\/page"}],"author":[{"embeddable":true,"href":"https:\/\/www.werkrealschule-unterer-neckar.de\/index.php?rest_route=\/wp\/v2\/users\/4"}],"replies":[{"embeddable":true,"href":"https:\/\/www.werkrealschule-unterer-neckar.de\/index.php?rest_route=%2Fwp%2Fv2%2Fcomments&post=16"}],"version-history":[{"count":0,"href":"https:\/\/www.werkrealschule-unterer-neckar.de\/index.php?rest_route=\/wp\/v2\/pages\/16\/revisions"}],"up":[{"embeddable":true,"href":"https:\/\/www.werkrealschule-unterer-neckar.de\/index.php?rest_route=\/wp\/v2\/pages\/10"}],"wp:attachment":[{"href":"https:\/\/www.werkrealschule-unterer-neckar.de\/index.php?rest_route=%2Fwp%2Fv2%2Fmedia&parent=16"}],"curies":[{"name":"wp","href":"https:\/\/api.w.org\/{rel}","templated":true}]}}