{"id":1765,"date":"2016-01-21T23:40:27","date_gmt":"2016-01-21T21:40:27","guid":{"rendered":"http:\/\/www.werkrealschule-unterer-neckar.de\/?page_id=1765"},"modified":"2016-01-22T00:10:06","modified_gmt":"2016-01-21T22:10:06","slug":"service","status":"publish","type":"page","link":"https:\/\/www.werkrealschule-unterer-neckar.de\/?page_id=1765","title":{"rendered":"Service"},"content":{"rendered":"<p><span style=\"color: #000000;\"><strong>Wie k\u00f6nnen wir Ihnen helfen?<\/strong><\/span><\/p>\n<p>Hier\u00a0finden Sie Informationen zu unserer Schule und\u00a0Formulare zum Herunterladen und Ausf\u00fcllen\u00a0\/ Ausdrucken:<\/p>\n<ul>\n<li><a href=\"http:\/\/www.werkrealschule-unterer-neckar.de\/?page_id=1789\">Krankmeldung<\/a><\/li>\n<li><a href=\"http:\/\/www.werkrealschule-unterer-neckar.de\/?page_id=1786\">Schulflyer<\/a><\/li>\n<li><a href=\"http:\/\/www.werkrealschule-unterer-neckar.de\/?page_id=1761\">Anmeldeformular<\/a><\/li>\n<li><a href=\"http:\/\/www.werkrealschule-unterer-neckar.de\/?page_id=1779\">Schulwegepl\u00e4ne<\/a><\/li>\n<li><a href=\"http:\/\/www.werkrealschule-unterer-neckar.de\/?page_id=480\">L\u00e4uteordnung<\/a><\/li>\n<li><a href=\"http:\/\/www.werkrealschule-unterer-neckar.de\/?page_id=504\">Schulordnung<\/a><\/li>\n<li><a href=\"http:\/\/www.werkrealschule-unterer-neckar.de\/?page_id=25\">Pr\u00fcfungstermine<\/a><\/li>\n<li><a href=\"http:\/\/www.werkrealschule-unterer-neckar.de\/?page_id=505\">Ferienplan<\/a><\/li>\n<\/ul>\n","protected":false},"excerpt":{"rendered":"<p>Wie k\u00f6nnen wir Ihnen helfen? Hier\u00a0finden Sie Informationen zu unserer Schule und\u00a0Formulare zum Herunterladen und Ausf\u00fcllen\u00a0\/ Ausdrucken: Krankmeldung Schulflyer Anmeldeformular Schulwegepl\u00e4ne L\u00e4uteordnung Schulordnung Pr\u00fcfungstermine Ferienplan<\/p>\n","protected":false},"author":4,"featured_media":0,"parent":0,"menu_order":70,"comment_status":"closed","ping_status":"closed","template":"","meta":{"footnotes":""},"class_list":["post-1765","page","type-page","status-publish","hentry"],"_links":{"self":[{"href":"https:\/\/www.werkrealschule-unterer-neckar.de\/index.php?rest_route=\/wp\/v2\/pages\/1765","targetHints":{"allow":["GET"]}}],"collection":[{"href":"https:\/\/www.werkrealschule-unterer-neckar.de\/index.php?rest_route=\/wp\/v2\/pages"}],"about":[{"href":"https:\/\/www.werkrealschule-unterer-neckar.de\/index.php?rest_route=\/wp\/v2\/types\/page"}],"author":[{"embeddable":true,"href":"https:\/\/www.werkrealschule-unterer-neckar.de\/index.php?rest_route=\/wp\/v2\/users\/4"}],"replies":[{"embeddable":true,"href":"https:\/\/www.werkrealschule-unterer-neckar.de\/index.php?rest_route=%2Fwp%2Fv2%2Fcomments&post=1765"}],"version-history":[{"count":0,"href":"https:\/\/www.werkrealschule-unterer-neckar.de\/index.php?rest_route=\/wp\/v2\/pages\/1765\/revisions"}],"wp:attachment":[{"href":"https:\/\/www.werkrealschule-unterer-neckar.de\/index.php?rest_route=%2Fwp%2Fv2%2Fmedia&parent=1765"}],"curies":[{"name":"wp","href":"https:\/\/api.w.org\/{rel}","templated":true}]}}