{"id":20,"date":"2010-11-15T11:44:00","date_gmt":"2010-11-15T11:44:00","guid":{"rendered":"http:\/\/www.werkrealschule-unterer-neckar.de\/?page_id=20"},"modified":"2013-07-19T21:19:42","modified_gmt":"2013-07-19T21:19:42","slug":"schulprogramm","status":"publish","type":"page","link":"https:\/\/www.werkrealschule-unterer-neckar.de\/?page_id=20","title":{"rendered":"Schule gestalten"},"content":{"rendered":"<p>Die Schulstadt Ladenburg, eine der \u00e4ltesten St\u00e4dte Deutschlands mit einer entsprechend kulturellen und urbanen Tradition, realisiert den hohen Anspruch, ihren Kindern und Jugendlichen alle Schularten vor Ort anbieten zu k\u00f6nnen.<\/p>\n<p>Mehr Chancengleichheit durch individuelle F\u00f6rderung ist ein zentrales Ziel der Bildungspolitik.<strong> Die Werkrealschule Unterer Neckar macht diesen Anspruch zu ihrem p\u00e4dagogischen Leitprinzip: die Begabungen, F\u00e4higkeiten und Pers\u00f6nlichkeiten der Sch\u00fcler\/-innen erkennen, f\u00f6rdern und fordern.<\/strong><\/p>\n<p>Unsere Schule m\u00f6chte die bestehende\u00a0Vielfalt in eine gemeinsame Identit\u00e4t zusammenf\u00fchren. Dieser hohen Integrationsleistung kann vor allem in einem <strong>Ganztagsbetrieb<\/strong> optimal entsprochen werden.<\/p>\n","protected":false},"excerpt":{"rendered":"<p>Die Schulstadt Ladenburg, eine der \u00e4ltesten St\u00e4dte Deutschlands mit einer entsprechend kulturellen und urbanen Tradition, realisiert den hohen Anspruch, ihren Kindern und Jugendlichen alle Schularten vor Ort anbieten zu k\u00f6nnen. Mehr Chancengleichheit durch individuelle F\u00f6rderung ist ein zentrales Ziel der Bildungspolitik. Die Werkrealschule Unterer Neckar macht diesen Anspruch zu ihrem p\u00e4dagogischen Leitprinzip: die Begabungen, F\u00e4higkeiten [&hellip;]<\/p>\n","protected":false},"author":4,"featured_media":0,"parent":0,"menu_order":30,"comment_status":"closed","ping_status":"closed","template":"","meta":{"footnotes":""},"class_list":["post-20","page","type-page","status-publish","hentry"],"_links":{"self":[{"href":"https:\/\/www.werkrealschule-unterer-neckar.de\/index.php?rest_route=\/wp\/v2\/pages\/20","targetHints":{"allow":["GET"]}}],"collection":[{"href":"https:\/\/www.werkrealschule-unterer-neckar.de\/index.php?rest_route=\/wp\/v2\/pages"}],"about":[{"href":"https:\/\/www.werkrealschule-unterer-neckar.de\/index.php?rest_route=\/wp\/v2\/types\/page"}],"author":[{"embeddable":true,"href":"https:\/\/www.werkrealschule-unterer-neckar.de\/index.php?rest_route=\/wp\/v2\/users\/4"}],"replies":[{"embeddable":true,"href":"https:\/\/www.werkrealschule-unterer-neckar.de\/index.php?rest_route=%2Fwp%2Fv2%2Fcomments&post=20"}],"version-history":[{"count":0,"href":"https:\/\/www.werkrealschule-unterer-neckar.de\/index.php?rest_route=\/wp\/v2\/pages\/20\/revisions"}],"wp:attachment":[{"href":"https:\/\/www.werkrealschule-unterer-neckar.de\/index.php?rest_route=%2Fwp%2Fv2%2Fmedia&parent=20"}],"curies":[{"name":"wp","href":"https:\/\/api.w.org\/{rel}","templated":true}]}}