{"id":2085,"date":"2016-10-13T12:03:53","date_gmt":"2016-10-13T10:03:53","guid":{"rendered":"http:\/\/www.werkrealschule-unterer-neckar.de\/?page_id=2085"},"modified":"2025-10-13T10:12:45","modified_gmt":"2025-10-13T08:12:45","slug":"mensa","status":"publish","type":"page","link":"https:\/\/www.werkrealschule-unterer-neckar.de\/?page_id=2085","title":{"rendered":"Mensa"},"content":{"rendered":"<p><strong><br \/>\nGemeinsames Mittagessen st\u00e4rkt das soziale Miteinander<\/strong><\/p>\n<p><img loading=\"lazy\" decoding=\"async\" class=\"alignleft size-thumbnail wp-image-2087\" src=\"http:\/\/www.werkrealschule-unterer-neckar.de\/wp-content\/uploads\/2013\/10\/Mensa-150x150.jpg\" alt=\"\" width=\"150\" height=\"150\" \/>Alle Kinder der Klassenstufe 5-7 nehmen ihr Essen in der Mittagspause in der Mensa ein. Sie werden dabei von\u00a0ihren Lehrkr\u00e4ften\u00a0begleitet. Die Sch\u00fcler\/-innen melden sich zu Anfang eines Schuljahres verbindlich f\u00fcr das warme Mittagessen an.<\/p>\n<p><strong>MensaMax &#8211; unsere Software f\u00fcr die Schulmensa<\/strong><\/p>\n<p>Damit die gesamte Organisation der Essensausgabe und auch der Abrechnung reibungslos und z\u00fcgig ablaufen kann, setzen wir die Software MensaMax ein. MensaMax ist ein webbasiertes Abrechnungssystem. Daher k\u00f6nnen Sie sich von zu Hause bequem \u00fcber Ihren PC einloggen. Da es ebenfalls eine App f\u00fcr MensaMax gibt, k\u00f6nnen Sie auch von unterwegs \u00fcber Ihr Smartphone auf MensaMax zugreifen. Dadurch haben Sie eine schnelle und exakte \u00dcbersicht \u00fcber die von Ihnen bestellten Men\u00fcs und auch \u00fcber Ihren Kontostand. Die Bezahlung erfolgt einfach per \u00dcberweisung ohne die Notwendigkeit von Bargeld.<\/p>\n<h2><span style=\"color: #000000;\">Hier finden Sie die wichtigsten Fragen und Antworten<\/span><\/h2>\n<p><strong>Wie kann ich mich\u00a0bei MensaMax anmelden?<\/strong><\/p>\n<p>Um auf die Internetseite von MensaMax zu gelangen, geben Sie folgende Adresse ein:<\/p>\n<p><span style=\"color: #0000ff;\"><a style=\"color: #0000ff;\" href=\"https:\/\/login.mensaweb.de\/\" target=\"_blank\" rel=\"noopener noreferrer\">https:\/\/mensahome.de<\/a><\/span><\/p>\n<p>Legen\u00a0Sie dort ein <span style=\"color: #0000ff;\"><strong>neues Kundenkonto<\/strong><\/span> an. Die hierf\u00fcr notwendigen Daten lauten:<\/p>\n<p>Projekt: <strong>HD271<br \/>\n<\/strong>Einrichtung: <strong>WRS<br \/>\n<\/strong>Freischaltcode:<strong> 2784<\/strong><\/p>\n<p>F\u00fcllen Sie bitte die notwendigen Felder aus, die Pflichtfelder sind dabei farbig hinterlegt.<\/p>\n<p>Wenn Sie den Vorgang erfolgreich abgeschlossen haben, erhalten Sie eine E-Mail mit Ihren erforderlichen Zugangsdaten. Wenn Sie Ihr Passwort einmal vergessen sollten, k\u00f6nnen Sie sich jederzeit selbst auch ein neues Passwort zusenden lassen.<\/p>\n<p><strong>Wie kann ich mich in MensaMax einloggen?<\/strong><\/p>\n<p>Um auf die Internetseite von MensaMax zu gelangen, geben Sie folgende Adresse ein:<\/p>\n<p><span style=\"color: #0000ff;\"><a style=\"color: #0000ff;\" href=\"https:\/\/login.mensaweb.de\/\" target=\"_blank\" rel=\"noopener noreferrer\">https:\/\/mensahome.de<\/a><\/span><\/p>\n<p>Loggen Sie sich in Ihr Konto ein:<\/p>\n<p>Projekt: <strong>HD271<br \/>\n<\/strong>Einrichtung: <strong>WRS<br \/>\n<\/strong>Benutzername:<strong> (Wurde Ihnen\u00a0per E-Mail zugeschickt)<br \/>\n<\/strong>Passwort:<strong> (Haben Sie\u00a0bei der Anmeldung angegeben)<\/strong><\/p>\n<p><strong>Essensbestellung und Abbestellung<\/strong><\/p>\n<p>Sie k\u00f6nnen Ihre Essensbestellungen bis zu drei Wochen im Voraus t\u00e4tigen, sp\u00e4testens jedoch bis 12.00 Uhr des Vortages. ACHTUNG! F\u00fcr Montag muss die Bestellung sp\u00e4testens bis 12.00 Uhr am Freitag erfolgt sein. Essensabbestellungen sind noch am Essenstag bis um 8.00 Uhr m\u00f6glich. Sp\u00e4ter eingehende An\u2013 und Abmeldungen k\u00f6nnen aus organisatorischen Gr\u00fcnden leider nicht ber\u00fccksichtigt werden.<\/p>\n<p><strong>Essensausgabe<\/strong><\/p>\n<p>Die Sch\u00fcler\/-innen bekommen einen Chip, der an der Essensausgabe vorgelegt wird. \u00dcber den Chip wird hier ausgelesen, ob und welches Essen bestellt wurde. Daher muss man den Chip zur Essensausgabe <u>immer<\/u> dabei haben.<\/p>\n<p>Wenn der Chip vergessen wird, muss\u00a0trotzdem nicht gehungert werden. An der Essensausgabe kann auch manuell recherchiert werden, welches Essen bestellt wurde. In diesem Fall werden jedoch bei der Ausgabe des Essens automatisch 25 Cent Bearbeitungsgeb\u00fchr vom Mensakonto zus\u00e4tzlich abgebucht. Um aber die Essens\u00adausgabe zu beschleunigen und l\u00e4ngere Wartezeiten zu vermeiden, bitten wir, den Chip immer mitzubringen.<\/p>\n<p>Der Chip selbst ist kostenfrei, wird jedoch gegen ein Pfand von 3 Euro im Sekretariat ausgegeben. Die Kosten werden bei der Ausgabe des Chips dem Mensakonto belastet, m\u00fcssen also nicht bar von Ihnen bezahlt werden.<\/p>\n<p><strong>Wie zahle ich das Essen?<\/strong><\/p>\n<p>Die Essensversorgung wird auf Guthaben-Basis durchgef\u00fchrt, daher m\u00fcssen Sie im Vorhinein f\u00fcr eine ausreichende Deckung Ihres MensaMax-Kontos sorgen. Sprich, ohne Guthaben kein Essen.<\/p>\n<p>Um den Chip aufzuladen, \u00fcberweisen Sie bitte Geld auf das nachstehende Konto:<\/p>\n<p>Empf\u00e4nger: <strong>ParentPay Deutschland GmbH, Treuhandkonten<br \/>\n<\/strong>IBAN: <strong>DE81 6665 0085 0008 9531 98<\/strong><\/p>\n<p>Bitte beachten Sie, dass Sie als <strong>Verwendungszweck<\/strong> Ihren <strong>Benutzer-Namen<\/strong> verwenden, der Ihnen mit den Zugangsdaten zugesendet wird, da sonst die automatische Zuordnung der Zahlung zu Ihrem Mensakonto scheitert.<\/p>\n<p>Wenn Sie sich in MensaMax einloggen, werden Sie informiert, wenn Ihr Kontostand unter den Schwellenwert von 15\u00a0Euro sinkt, damit Sie rechtzeitig Geld auf das vorgenannte Konto \u00fcberweisen k\u00f6nnen. Diesen Wert k\u00f6nnen Sie in der H\u00f6he auch ver\u00e4ndern.<\/p>\n<p>Nat\u00fcrlich informiert Sie MensaMax \u00fcber einen niedrigen Kontostand auch per E-Mail bzw. \u00fcber die App.<\/p>\n<p>Da jedes Kind seinen eigenen Verwendungszweck hat m\u00fcssen Sie bei mehreren Kindern auch mehrere \u00dcberweisungen t\u00e4tigen.<\/p>\n<p><strong>Verlust des Chips<\/strong><\/p>\n<p>Geht der Chip verloren, muss der Sch\u00fcler dies umgehend der Schule melden, damit diese den Chip\u00a0sperren kann. Erst dann kann ein neuer Chip ausgegeben werden.<\/p>\n<p><strong>Was passiert, wenn mein Kind die Schule verl\u00e4sst?<\/strong><\/p>\n<p>Der Chip muss der Schule zur\u00fcckgegeben werden. Am Ende des Monats bekommen Sie die 3 \u20ac Pfand sowie Ihr Restguthaben r\u00fcck\u00fcberwiesen.<\/p>\n<p><strong>MensaMax-App<\/strong><\/p>\n<p>\u00dcber den Google-Playstore ist auch eine App kostenfrei erh\u00e4ltlich. Diese k\u00f6nnen Sie jedoch erst verwenden, wenn Sie sich einmal \u00fcber den normalen Internet-Zugang in MensaMax ein Nutzerkonto angelegt haben (wie oben beschrieben).<\/p>\n<p><strong>Bildungs- und Teilhabepaket (BuT)<\/strong><\/p>\n<p>Wir weisen Sie darauf hin, dass der Bund im Rahmen des Bildungs- und Teilhabepaketes (BuT) bed\u00fcrftige Kinder bei der Wahrnehmung des Mittagessens unterst\u00fctzt. Die Antragsvordrucke erhalten Sie beim Jobcenter bzw. auf dem Rathaus.<\/p>\n<p>Bitte k\u00fcmmern Sie sich rechtzeitig, mindestens 3-4 Wochen vor Ablauf der Kosten\u00fcbernahme um Verl\u00e4ngerung, sonst m\u00fcssen Sie wieder den vollen Preis bezahlen.<\/p>\n<p>Ein F\u00f6rderantrag hat hinsichtlich Ihrer Zahlungspflicht keine aufschiebende Wirkung, d.h. auch wenn sie einen Antrag gestellt haben, m\u00fcssen Sie zun\u00e4chst die vollen Kosten bezahlen. Nur wer einen <strong>aktuellen Bescheid<\/strong> im Sekretariat vorgelegt hat, kann nach dem BuT und damit verg\u00fcnstigt abgerechnet werden.<\/p>\n<p>Falls Sie Fragen haben, wenden Sie sich vertrauensvoll an uns!<\/p>\n<p>&nbsp;<\/p>\n","protected":false},"excerpt":{"rendered":"<p>Gemeinsames Mittagessen st\u00e4rkt das soziale Miteinander Alle Kinder der Klassenstufe 5-7 nehmen ihr Essen in der Mittagspause in der Mensa ein. Sie werden dabei von\u00a0ihren Lehrkr\u00e4ften\u00a0begleitet. Die Sch\u00fcler\/-innen melden sich zu Anfang eines Schuljahres verbindlich f\u00fcr das warme Mittagessen an. MensaMax &#8211; unsere Software f\u00fcr die Schulmensa Damit die gesamte Organisation der Essensausgabe und auch [&hellip;]<\/p>\n","protected":false},"author":4,"featured_media":0,"parent":1765,"menu_order":35,"comment_status":"closed","ping_status":"closed","template":"","meta":{"footnotes":""},"class_list":["post-2085","page","type-page","status-publish","hentry"],"_links":{"self":[{"href":"https:\/\/www.werkrealschule-unterer-neckar.de\/index.php?rest_route=\/wp\/v2\/pages\/2085","targetHints":{"allow":["GET"]}}],"collection":[{"href":"https:\/\/www.werkrealschule-unterer-neckar.de\/index.php?rest_route=\/wp\/v2\/pages"}],"about":[{"href":"https:\/\/www.werkrealschule-unterer-neckar.de\/index.php?rest_route=\/wp\/v2\/types\/page"}],"author":[{"embeddable":true,"href":"https:\/\/www.werkrealschule-unterer-neckar.de\/index.php?rest_route=\/wp\/v2\/users\/4"}],"replies":[{"embeddable":true,"href":"https:\/\/www.werkrealschule-unterer-neckar.de\/index.php?rest_route=%2Fwp%2Fv2%2Fcomments&post=2085"}],"version-history":[{"count":0,"href":"https:\/\/www.werkrealschule-unterer-neckar.de\/index.php?rest_route=\/wp\/v2\/pages\/2085\/revisions"}],"up":[{"embeddable":true,"href":"https:\/\/www.werkrealschule-unterer-neckar.de\/index.php?rest_route=\/wp\/v2\/pages\/1765"}],"wp:attachment":[{"href":"https:\/\/www.werkrealschule-unterer-neckar.de\/index.php?rest_route=%2Fwp%2Fv2%2Fmedia&parent=2085"}],"curies":[{"name":"wp","href":"https:\/\/api.w.org\/{rel}","templated":true}]}}