{"id":21,"date":"2010-11-22T08:35:07","date_gmt":"2010-11-22T08:35:07","guid":{"rendered":"http:\/\/www.werkrealschule-unterer-neckar.de\/?page_id=21"},"modified":"2025-11-17T10:19:28","modified_gmt":"2025-11-17T08:19:28","slug":"lernen-und-sich-entwickeln","status":"publish","type":"page","link":"https:\/\/www.werkrealschule-unterer-neckar.de\/?page_id=21","title":{"rendered":"Schulprofil"},"content":{"rendered":"<p>Die\u00a0<strong>Werkrealschule Unterer Neckar<\/strong> hat ein praktisch-handwerkliches Profil.\u00a0Das hei\u00dft: Praktisches Lernen zieht sich durch alle F\u00e4cher.\u00a0Die Sch\u00fclerinnen und Sch\u00fcler arbeiten und lernen<\/p>\n<ul>\n<li>\u00fcberwiegend produktorientiert<\/li>\n<li>\u00fcberwiegend selbstt\u00e4tig<\/li>\n<li>an der Berufswelt orientiert<\/li>\n<li>auf die Berufswelt vorbereitend<\/li>\n<\/ul>\n<h2>M\u00f6glicher Schulabschluss<\/h2>\n<p><strong>Werkrealschulabschluss nach der 10. Klasse (mindestens bis zum Schuljahr 2029\/30)<\/strong><\/p>\n<p>F\u00fcr den \u00dcbergang in die Klasse 10 mit dem Ziel Werkrealschulabschluss ist in Klasse 9 ein Notendurchschnitt von 3,0 in den Kernf\u00e4chern erforderlich. Dann kann in der 10. Klasse mit dem Werkrealschulabschluss ein mittlerer Bildungsabschluss, gleichwertig dem Realschulabschluss, erreicht werden.<\/p>\n<p><strong>Hauptschulabschluss nach der 9. oder 10. Klasse<\/strong><\/p>\n<p>Neben dem Werkrealschulabschluss steht allen Sch\u00fclern der Erwerb des Hauptschulabschlusses entweder nach Klasse 9 oder nach Klasse 10 offen.<\/p>\n<p>Dieser Abschluss berechtigt<\/p>\n<ul>\n<li>zur Aufnahme einer Berufsausbildung in einem anerkannten Ausbildungsberuf sowie<\/li>\n<li>zum \u00dcbergang in ein- oder mehrj\u00e4hrige Berufsfachschulen.<\/li>\n<\/ul>\n","protected":false},"excerpt":{"rendered":"<p>Die\u00a0Werkrealschule Unterer Neckar hat ein praktisch-handwerkliches Profil.\u00a0Das hei\u00dft: Praktisches Lernen zieht sich durch alle F\u00e4cher.\u00a0Die Sch\u00fclerinnen und Sch\u00fcler arbeiten und lernen \u00fcberwiegend produktorientiert \u00fcberwiegend selbstt\u00e4tig an der Berufswelt orientiert auf die Berufswelt vorbereitend M\u00f6glicher Schulabschluss Werkrealschulabschluss nach der 10. Klasse (mindestens bis zum Schuljahr 2029\/30) F\u00fcr den \u00dcbergang in die Klasse 10 mit dem Ziel [&hellip;]<\/p>\n","protected":false},"author":4,"featured_media":0,"parent":20,"menu_order":10,"comment_status":"closed","ping_status":"closed","template":"","meta":{"footnotes":""},"class_list":["post-21","page","type-page","status-publish","hentry"],"_links":{"self":[{"href":"https:\/\/www.werkrealschule-unterer-neckar.de\/index.php?rest_route=\/wp\/v2\/pages\/21","targetHints":{"allow":["GET"]}}],"collection":[{"href":"https:\/\/www.werkrealschule-unterer-neckar.de\/index.php?rest_route=\/wp\/v2\/pages"}],"about":[{"href":"https:\/\/www.werkrealschule-unterer-neckar.de\/index.php?rest_route=\/wp\/v2\/types\/page"}],"author":[{"embeddable":true,"href":"https:\/\/www.werkrealschule-unterer-neckar.de\/index.php?rest_route=\/wp\/v2\/users\/4"}],"replies":[{"embeddable":true,"href":"https:\/\/www.werkrealschule-unterer-neckar.de\/index.php?rest_route=%2Fwp%2Fv2%2Fcomments&post=21"}],"version-history":[{"count":0,"href":"https:\/\/www.werkrealschule-unterer-neckar.de\/index.php?rest_route=\/wp\/v2\/pages\/21\/revisions"}],"up":[{"embeddable":true,"href":"https:\/\/www.werkrealschule-unterer-neckar.de\/index.php?rest_route=\/wp\/v2\/pages\/20"}],"wp:attachment":[{"href":"https:\/\/www.werkrealschule-unterer-neckar.de\/index.php?rest_route=%2Fwp%2Fv2%2Fmedia&parent=21"}],"curies":[{"name":"wp","href":"https:\/\/api.w.org\/{rel}","templated":true}]}}