{"id":22,"date":"2010-11-22T08:46:32","date_gmt":"2010-11-22T08:46:32","guid":{"rendered":"http:\/\/www.werkrealschule-unterer-neckar.de\/?page_id=22"},"modified":"2025-11-17T10:09:44","modified_gmt":"2025-11-17T08:09:44","slug":"unterricht","status":"publish","type":"page","link":"https:\/\/www.werkrealschule-unterer-neckar.de\/?page_id=22","title":{"rendered":"Unterricht"},"content":{"rendered":"<h2>Unterrichtsf\u00e4cher<\/h2>\n<p>Die Unterrichtsf\u00e4cher und F\u00e4cherverb\u00fcnde an der Werkrealschule sind: <strong>Deutsch<\/strong>, <strong>Mathematik<\/strong>, <strong>Englisch, Physik, Biologie und Chemie, <\/strong><strong>Religion<\/strong> oder <strong>Ethik, Informatik und Medienbildung, Geschichte, Gemeinschaftskunde, Erdkunde, Sport, Musik <\/strong>und<strong> Bildende Kunst. <\/strong><\/p>\n<h2>Wahlpflichtf\u00e4cher<\/h2>\n<p>Ab der 6. Klasse k\u00f6nnen die Sch\u00fcler\/-innen zwischen den Wahlpflichtf\u00e4chern <strong>AES (Alltagskultur, Ern\u00e4hrung, Soziales) <\/strong>und<strong> Technik<\/strong> w\u00e4hlen.<\/p>\n<h2>Mentoring<\/h2>\n<p>Ab dem Schuljahr 2025\/2026 wird an allen weiterf\u00fchrenden Schulen ein individuelles Sch\u00fclermentoring eingef\u00fchrt.<\/p>\n<p>Das Sch\u00fclermentoring begleitet und unterst\u00fctzt Lernende in ihrer pers\u00f6nlichen Entwicklung. Ziel ist es, die individuelle Lern- und Leistungsentwicklung der Sch\u00fclerinnen und Sch\u00fcler gezielt zu f\u00f6rdern. Die Sch\u00fcler\/-innen lernen, ihre eigenen St\u00e4rken besser zu erkennen, ihre Motivation zu steigern sowie Selbstst\u00e4ndigkeit und Eigenverantwortung weiterzuentwickeln.<\/p>\n<p>Diese Erkenntnisse flie\u00dfen auch in die Berufsorientierung der Werkrealschule mit ein.<\/p>\n<h2>Projektarbeit<\/h2>\n<p>In jedem Schuljahr finden in Absprache mit dem Kollegium Projekttage statt. Hier sollen sich die Sch\u00fcler\/-innen in Kleingruppen ein selbstgew\u00e4hltes Thema durch einen theoretischen und einen praktischen Teil erarbeiten. Das Ergebnis wird am Ende von der gesamten Gruppe pr\u00e4sentiert. Dadurch sollen sowohl die kognitiven als auch die handwerklich-praktischen F\u00e4higkeiten gef\u00f6rdert, als auch die Pr\u00e4sentationskompetenz einge\u00fcbt und gest\u00e4rkt werden. Die Projekttage dienen zur Vorbereitung auf das benotete Projekt &#8222;Zeig was du kannst&#8220; in Klasse 9.<\/p>\n","protected":false},"excerpt":{"rendered":"<p>Unterrichtsf\u00e4cher Die Unterrichtsf\u00e4cher und F\u00e4cherverb\u00fcnde an der Werkrealschule sind: Deutsch, Mathematik, Englisch, Physik, Biologie und Chemie, Religion oder Ethik, Informatik und Medienbildung, Geschichte, Gemeinschaftskunde, Erdkunde, Sport, Musik und Bildende Kunst. Wahlpflichtf\u00e4cher Ab der 6. Klasse k\u00f6nnen die Sch\u00fcler\/-innen zwischen den Wahlpflichtf\u00e4chern AES (Alltagskultur, Ern\u00e4hrung, Soziales) und Technik w\u00e4hlen. Mentoring Ab dem Schuljahr 2025\/2026 wird an [&hellip;]<\/p>\n","protected":false},"author":4,"featured_media":0,"parent":20,"menu_order":30,"comment_status":"closed","ping_status":"closed","template":"","meta":{"footnotes":""},"class_list":["post-22","page","type-page","status-publish","hentry"],"_links":{"self":[{"href":"https:\/\/www.werkrealschule-unterer-neckar.de\/index.php?rest_route=\/wp\/v2\/pages\/22","targetHints":{"allow":["GET"]}}],"collection":[{"href":"https:\/\/www.werkrealschule-unterer-neckar.de\/index.php?rest_route=\/wp\/v2\/pages"}],"about":[{"href":"https:\/\/www.werkrealschule-unterer-neckar.de\/index.php?rest_route=\/wp\/v2\/types\/page"}],"author":[{"embeddable":true,"href":"https:\/\/www.werkrealschule-unterer-neckar.de\/index.php?rest_route=\/wp\/v2\/users\/4"}],"replies":[{"embeddable":true,"href":"https:\/\/www.werkrealschule-unterer-neckar.de\/index.php?rest_route=%2Fwp%2Fv2%2Fcomments&post=22"}],"version-history":[{"count":0,"href":"https:\/\/www.werkrealschule-unterer-neckar.de\/index.php?rest_route=\/wp\/v2\/pages\/22\/revisions"}],"up":[{"embeddable":true,"href":"https:\/\/www.werkrealschule-unterer-neckar.de\/index.php?rest_route=\/wp\/v2\/pages\/20"}],"wp:attachment":[{"href":"https:\/\/www.werkrealschule-unterer-neckar.de\/index.php?rest_route=%2Fwp%2Fv2%2Fmedia&parent=22"}],"curies":[{"name":"wp","href":"https:\/\/api.w.org\/{rel}","templated":true}]}}