{"id":3256,"date":"2018-06-14T21:20:55","date_gmt":"2018-06-14T19:20:55","guid":{"rendered":"http:\/\/www.werkrealschule-unterer-neckar.de\/?page_id=3256"},"modified":"2021-06-22T10:51:50","modified_gmt":"2021-06-22T08:51:50","slug":"inklusion","status":"publish","type":"page","link":"https:\/\/www.werkrealschule-unterer-neckar.de\/?page_id=3256","title":{"rendered":"Inklusion"},"content":{"rendered":"<p><strong>Gemeinsames Lernen an der Werkrealschule Unterer Neckar<\/strong><\/p>\n<p><img loading=\"lazy\" decoding=\"async\" class=\"alignleft size-thumbnail wp-image-3258\" src=\"http:\/\/www.werkrealschule-unterer-neckar.de\/wp-content\/uploads\/2018\/06\/P1050019-150x150.jpg\" alt=\"\" width=\"150\" height=\"150\" \/>Der Landtag von Baden-W\u00fcrttemberg hat am 15. Juli 2015 die \u00c4nderung des Schulgesetzes zur Inklusion verabschiedet. Seit der Gesetzes\u00e4nderung haben Eltern von Kindern mit einem Anspruch auf ein sonderp\u00e4dagogisches Bildungsangebot die M\u00f6glichkeit selbst zu entscheiden, ob ihr Kind eine allgemeinbildende Schule wie die Werkrealschule Unterer Neckar Ladenburg oder ein Sonderp\u00e4dagogisches Bildungs- und Beratungszentrum (SBBZ) besuchen soll. Sch\u00fclerinnen und Sch\u00fcler mit einem festgestellten Anspruch auf ein sonderp\u00e4dagogisches Bildungsangebot, die im Rahmen inklusiver Settings beschult werden, erhalten sonderp\u00e4dagogische Unterst\u00fctzung im Rahmen des Unterrichts.<\/p>\n<p>Unsere Schule ist schon seit vielen Jahren ein gro\u00dfer Inklusionsstandort. \u00dcber 20 Sch\u00fclerinnen und Sch\u00fcler besuchen inklusiv unsere Schule und werden sonderp\u00e4dagogisch unterst\u00fctzt. Neben Regelschullehrer\/-innen geh\u00f6ren auch Sonderp\u00e4dagoginnen und eine p\u00e4dagogische Assistentin zu unserem Team. Im gemeinsamen Unterricht k\u00f6nnen die Sch\u00fcler\/-innen zieldifferent nach ihrem Bildungsplan lernen. In vielen Unterrichtsstunden wird der Unterricht durch zwei Lehrkr\u00e4fte, z.B. eine Regelschullehrkraft und eine Sonderschullehrkraft, oder beispielsweise durch eine\/n Regelschullehrer\/-in und eine p\u00e4dagogische Assistentin organisiert und ist somit fester Bestandteil unseres Schulalltags.<\/p>\n<p>Auf Wunsch der Eltern oder der Erziehungsberechtigten kann eine sonderp\u00e4dagogische \u00dcberpr\u00fcfung stattfinden. Dann begutachtet eine Sonderschullehrkraft Ihr Kind und beschreibt gemeinsam mit Ihnen einen m\u00f6glichen F\u00f6rderbedarf Ihres Kindes. Hat Ihr Kind einen Anspruch auf ein sonderp\u00e4dagogisches Bildungsangebot, wird eine sonderp\u00e4dagogische Lehrkraft am Unterricht f\u00fcr Ihr Kind beteiligt sein. Ihr Kind kann so auch im gemeinsamen Unterricht optimal gef\u00f6rdert und unterst\u00fctzt werden.<\/p>\n","protected":false},"excerpt":{"rendered":"<p>Gemeinsames Lernen an der Werkrealschule Unterer Neckar Der Landtag von Baden-W\u00fcrttemberg hat am 15. Juli 2015 die \u00c4nderung des Schulgesetzes zur Inklusion verabschiedet. Seit der Gesetzes\u00e4nderung haben Eltern von Kindern mit einem Anspruch auf ein sonderp\u00e4dagogisches Bildungsangebot die M\u00f6glichkeit selbst zu entscheiden, ob ihr Kind eine allgemeinbildende Schule wie die Werkrealschule Unterer Neckar Ladenburg oder [&hellip;]<\/p>\n","protected":false},"author":4,"featured_media":0,"parent":20,"menu_order":2,"comment_status":"closed","ping_status":"closed","template":"","meta":{"footnotes":""},"class_list":["post-3256","page","type-page","status-publish","hentry"],"_links":{"self":[{"href":"https:\/\/www.werkrealschule-unterer-neckar.de\/index.php?rest_route=\/wp\/v2\/pages\/3256","targetHints":{"allow":["GET"]}}],"collection":[{"href":"https:\/\/www.werkrealschule-unterer-neckar.de\/index.php?rest_route=\/wp\/v2\/pages"}],"about":[{"href":"https:\/\/www.werkrealschule-unterer-neckar.de\/index.php?rest_route=\/wp\/v2\/types\/page"}],"author":[{"embeddable":true,"href":"https:\/\/www.werkrealschule-unterer-neckar.de\/index.php?rest_route=\/wp\/v2\/users\/4"}],"replies":[{"embeddable":true,"href":"https:\/\/www.werkrealschule-unterer-neckar.de\/index.php?rest_route=%2Fwp%2Fv2%2Fcomments&post=3256"}],"version-history":[{"count":0,"href":"https:\/\/www.werkrealschule-unterer-neckar.de\/index.php?rest_route=\/wp\/v2\/pages\/3256\/revisions"}],"up":[{"embeddable":true,"href":"https:\/\/www.werkrealschule-unterer-neckar.de\/index.php?rest_route=\/wp\/v2\/pages\/20"}],"wp:attachment":[{"href":"https:\/\/www.werkrealschule-unterer-neckar.de\/index.php?rest_route=%2Fwp%2Fv2%2Fmedia&parent=3256"}],"curies":[{"name":"wp","href":"https:\/\/api.w.org\/{rel}","templated":true}]}}