{"id":481,"date":"2013-07-03T11:25:10","date_gmt":"2013-07-03T11:25:10","guid":{"rendered":"http:\/\/www.werkrealschule-unterer-neckar.de\/?page_id=481"},"modified":"2025-07-08T09:17:19","modified_gmt":"2025-07-08T07:17:19","slug":"partner-sein","status":"publish","type":"page","link":"https:\/\/www.werkrealschule-unterer-neckar.de\/?page_id=481","title":{"rendered":"Partner haben"},"content":{"rendered":"<p>Die Werkrealschule Unterer Neckar ist in der Region gut vernetzt und hat das gro\u00dfe Gl\u00fcck auf starke Partner\u00a0setzen zu k\u00f6nnen. Diese sind im Besonderen:<\/p>\n<ul>\n<li>Die Stadt Ladenburg. Sie\u00a0unterst\u00fctzt als\u00a0Schultr\u00e4gerin die Schule in allen Belangen. Das Konzept zur &#8222;Ganztagsschule&#8220;, das von der Schulleitung und dem Kollegium der Werkralschule entwickelt wurde, fand\u00a0franktions\u00fcbergreifende Zustimmung und wurde einstimmig im Gemeinderat verabschiedet. Somit konnte in Ladenburg eine Ganztagsschule\u00a0realisiert werden, die den mittleren Bildungsabschluss anbietet.<\/li>\n<li>Die \u00f6rtliche Presse, die durch permaneten Berichterstattung die \u00d6ffentlichkeit von der Schulentwicklung und den Aktivit\u00e4ten der Schule unterrichtet.<\/li>\n<li>Jugendzentrum <a href=\"http:\/\/diekiste.info\/\" target=\"_blank\" rel=\"noopener\">&#8222;Die Kiste&#8220;<\/a><\/li>\n<li>Stadtbibliothek Ladenburg<\/li>\n<li>Heimatbund Ladenburg e.V.<\/li>\n<li>\u00d6rtliche Vereine<\/li>\n<li>Firmenpartnerschaften<\/li>\n<li>Sponsoren<\/li>\n<\/ul>\n<p><strong>Sie\u00a0alle tragen ebenfalls wesentlich zum Gelingen des Schullebens und der beruflichen Orientierung der Sch\u00fclerinnen und Sch\u00fcler bei. <\/strong><\/p>\n<h2><strong>Daf\u00fcr bedanken wir uns herzlich!<\/strong><\/h2>\n<p>&nbsp;<\/p>\n","protected":false},"excerpt":{"rendered":"<p>Die Werkrealschule Unterer Neckar ist in der Region gut vernetzt und hat das gro\u00dfe Gl\u00fcck auf starke Partner\u00a0setzen zu k\u00f6nnen. Diese sind im Besonderen: Die Stadt Ladenburg. Sie\u00a0unterst\u00fctzt als\u00a0Schultr\u00e4gerin die Schule in allen Belangen. Das Konzept zur &#8222;Ganztagsschule&#8220;, das von der Schulleitung und dem Kollegium der Werkralschule entwickelt wurde, fand\u00a0franktions\u00fcbergreifende Zustimmung und wurde einstimmig im [&hellip;]<\/p>\n","protected":false},"author":4,"featured_media":0,"parent":0,"menu_order":40,"comment_status":"closed","ping_status":"closed","template":"","meta":{"footnotes":""},"class_list":["post-481","page","type-page","status-publish","hentry"],"_links":{"self":[{"href":"https:\/\/www.werkrealschule-unterer-neckar.de\/index.php?rest_route=\/wp\/v2\/pages\/481","targetHints":{"allow":["GET"]}}],"collection":[{"href":"https:\/\/www.werkrealschule-unterer-neckar.de\/index.php?rest_route=\/wp\/v2\/pages"}],"about":[{"href":"https:\/\/www.werkrealschule-unterer-neckar.de\/index.php?rest_route=\/wp\/v2\/types\/page"}],"author":[{"embeddable":true,"href":"https:\/\/www.werkrealschule-unterer-neckar.de\/index.php?rest_route=\/wp\/v2\/users\/4"}],"replies":[{"embeddable":true,"href":"https:\/\/www.werkrealschule-unterer-neckar.de\/index.php?rest_route=%2Fwp%2Fv2%2Fcomments&post=481"}],"version-history":[{"count":0,"href":"https:\/\/www.werkrealschule-unterer-neckar.de\/index.php?rest_route=\/wp\/v2\/pages\/481\/revisions"}],"wp:attachment":[{"href":"https:\/\/www.werkrealschule-unterer-neckar.de\/index.php?rest_route=%2Fwp%2Fv2%2Fmedia&parent=481"}],"curies":[{"name":"wp","href":"https:\/\/api.w.org\/{rel}","templated":true}]}}