{"id":483,"date":"2013-07-03T11:33:03","date_gmt":"2013-07-03T11:33:03","guid":{"rendered":"http:\/\/www.werkrealschule-unterer-neckar.de\/?page_id=483"},"modified":"2014-11-13T10:03:53","modified_gmt":"2014-11-13T08:03:53","slug":"neues-erfahren","status":"publish","type":"page","link":"https:\/\/www.werkrealschule-unterer-neckar.de\/?page_id=483","title":{"rendered":"Neues erfahren"},"content":{"rendered":"<p><strong>Auf diesen Seiten erfahren Sie alles, was in der Schule aktuell ist.<\/strong><\/p>\n<ul>\n<li>In unseren <a href=\"http:\/\/www.werkrealschule-unterer-neckar.de\/?cat=7\">Online-News<\/a> erstellen unsere Sch\u00fclerinnen und Sch\u00fcler\u00a0regelm\u00e4\u00dfig Artikel und Bildergalerien \u00fcber Schulaktivit\u00e4ten, Lerng\u00e4nge, Schulfeste usw.<\/li>\n<li>In unserem\u00a0<a href=\"http:\/\/www.werkrealschule-unterer-neckar.de\/?cat=4\">Pressespiegel<\/a> k\u00f6nnen Sie wichtige Mitteilungen der regionalen und \u00fcberregionalen Zeitungen nachlesen.<\/li>\n<\/ul>\n<p>&nbsp;<\/p>\n","protected":false},"excerpt":{"rendered":"<p>Auf diesen Seiten erfahren Sie alles, was in der Schule aktuell ist. In unseren Online-News erstellen unsere Sch\u00fclerinnen und Sch\u00fcler\u00a0regelm\u00e4\u00dfig Artikel und Bildergalerien \u00fcber Schulaktivit\u00e4ten, Lerng\u00e4nge, Schulfeste usw. In unserem\u00a0Pressespiegel k\u00f6nnen Sie wichtige Mitteilungen der regionalen und \u00fcberregionalen Zeitungen nachlesen. &nbsp;<\/p>\n","protected":false},"author":4,"featured_media":0,"parent":0,"menu_order":50,"comment_status":"closed","ping_status":"closed","template":"","meta":{"footnotes":""},"class_list":["post-483","page","type-page","status-publish","hentry"],"_links":{"self":[{"href":"https:\/\/www.werkrealschule-unterer-neckar.de\/index.php?rest_route=\/wp\/v2\/pages\/483","targetHints":{"allow":["GET"]}}],"collection":[{"href":"https:\/\/www.werkrealschule-unterer-neckar.de\/index.php?rest_route=\/wp\/v2\/pages"}],"about":[{"href":"https:\/\/www.werkrealschule-unterer-neckar.de\/index.php?rest_route=\/wp\/v2\/types\/page"}],"author":[{"embeddable":true,"href":"https:\/\/www.werkrealschule-unterer-neckar.de\/index.php?rest_route=\/wp\/v2\/users\/4"}],"replies":[{"embeddable":true,"href":"https:\/\/www.werkrealschule-unterer-neckar.de\/index.php?rest_route=%2Fwp%2Fv2%2Fcomments&post=483"}],"version-history":[{"count":0,"href":"https:\/\/www.werkrealschule-unterer-neckar.de\/index.php?rest_route=\/wp\/v2\/pages\/483\/revisions"}],"wp:attachment":[{"href":"https:\/\/www.werkrealschule-unterer-neckar.de\/index.php?rest_route=%2Fwp%2Fv2%2Fmedia&parent=483"}],"curies":[{"name":"wp","href":"https:\/\/api.w.org\/{rel}","templated":true}]}}