{"id":485,"date":"2013-07-16T09:36:50","date_gmt":"2013-07-16T09:36:50","guid":{"rendered":"http:\/\/www.werkrealschule-unterer-neckar.de\/?page_id=485"},"modified":"2014-02-15T23:32:05","modified_gmt":"2014-02-15T21:32:05","slug":"boris","status":"publish","type":"page","link":"https:\/\/www.werkrealschule-unterer-neckar.de\/?page_id=485","title":{"rendered":"BoriS"},"content":{"rendered":"<h2>BoriS \u2013 Rezertifizierung<\/h2>\n<p><a href=\"http:\/\/www.werkrealschule-unterer-neckar.de\/wp-content\/uploads\/2013\/07\/BoriS_Rezertifizierung_2012-2017.jpg\"><img loading=\"lazy\" decoding=\"async\" class=\"alignleft size-thumbnail wp-image-796\" alt=\"boris_schild_2012_2017_neutral.indd\" src=\"http:\/\/www.werkrealschule-unterer-neckar.de\/wp-content\/uploads\/2013\/07\/BoriS_Rezertifizierung_2012-2017-150x150.jpg\" width=\"150\" height=\"150\" \/><\/a>Das BoriS &#8211; Berufswahl-SIEGEL Baden-W\u00fcrttemberg wurde unserer Schule 2009 verliehen (siehe unten) und galt zun\u00e4chst nur f\u00fcr drei Jahre. <strong>Im April 2012 wurde das Siegel rezertifiziert und der Werkrealschule Unterer Neckar\u00a0f\u00fcr weitere f\u00fcnf Jahre zuerkannt.<\/strong>\u00a0<a title=\"BoriS\" href=\"http:\/\/www.werkrealschule-unterer-neckar.de\/wp-content\/uploads\/2014\/02\/Boris_Urkunde.jpg\" target=\"_blank\">(zur Urkunde)<\/a><\/p>\n<p>Die Berufsvorbereitung ist das Zentrum unserer Arbeit. Unser Ziel ist, dass jede Sch\u00fclerin und jeder Sch\u00fcler im Anschluss an die Werkrealschule Unterer Neckar eine passende Ausbildungsstelle gefunden hat oder eine passende weiterf\u00fchrende Schule besucht. Damit uns dies gelingt, greifen Unterricht, das Ma\u00dfnahmenpaket Hauptschule, die Arbeit des\u00a0Netzwerk Berufsfindung (einem Arbeitskreis der ZukunftsWerkstadt Ladenburg) und das Schulleben eng ineinander. <a title=\"BoriS\" href=\"http:\/\/www.werkrealschule-unterer-neckar.de\/?p=316\" target=\"_blank\">(zum Presseartikel)<\/a><\/p>\n<h2>BoriS \u2013 Qualit\u00e4tvolle berufsvorbereitende Arbeit<\/h2>\n<p><a href=\"http:\/\/www.werkrealschule-unterer-neckar.de\/wp-content\/uploads\/2013\/07\/BoriS_Siegel_2009-2012.jpg\"><img loading=\"lazy\" decoding=\"async\" class=\"alignleft size-thumbnail wp-image-797\" alt=\"BoriS_Siegel_2009-2012\" src=\"http:\/\/www.werkrealschule-unterer-neckar.de\/wp-content\/uploads\/2013\/07\/BoriS_Siegel_2009-2012-150x150.jpg\" width=\"150\" height=\"150\" \/><\/a>Die Werkrealschule Unterer Neckar (ehem. Sickingen-Hauptschule mit Werkrealschule; Anm. d. Red.) war die erste\u00a0Schule Ladenburgs,\u00a0der das Berufswahlsiegel verliehen\u00a0wurde. In einer Feierstunde wurde das Siegel am 13.07.2009 an die Schule \u00fcbergeben. Mit dem BoriS\u00a0Berufswahl-SIEGEL wird die besondere Qualit\u00e4t der berufsvorbereitenden Arbeit der Schule honoriert. Die Qualit\u00e4t entsteht durch das Ineinandergreifen der Bausteine: Unterricht, Schulleben,\u00a0Netzwerk Berufsfindung der ZukunftsWerkstadt\u00a0 der Stadt Ladenburg und der Module des Ma\u00dfnahmenpakets Hauptschule.<\/p>\n","protected":false},"excerpt":{"rendered":"<p>BoriS \u2013 Rezertifizierung Das BoriS &#8211; Berufswahl-SIEGEL Baden-W\u00fcrttemberg wurde unserer Schule 2009 verliehen (siehe unten) und galt zun\u00e4chst nur f\u00fcr drei Jahre. Im April 2012 wurde das Siegel rezertifiziert und der Werkrealschule Unterer Neckar\u00a0f\u00fcr weitere f\u00fcnf Jahre zuerkannt.\u00a0(zur Urkunde) Die Berufsvorbereitung ist das Zentrum unserer Arbeit. Unser Ziel ist, dass jede Sch\u00fclerin und jeder Sch\u00fcler [&hellip;]<\/p>\n","protected":false},"author":4,"featured_media":0,"parent":20,"menu_order":50,"comment_status":"closed","ping_status":"closed","template":"","meta":{"footnotes":""},"class_list":["post-485","page","type-page","status-publish","hentry"],"_links":{"self":[{"href":"https:\/\/www.werkrealschule-unterer-neckar.de\/index.php?rest_route=\/wp\/v2\/pages\/485","targetHints":{"allow":["GET"]}}],"collection":[{"href":"https:\/\/www.werkrealschule-unterer-neckar.de\/index.php?rest_route=\/wp\/v2\/pages"}],"about":[{"href":"https:\/\/www.werkrealschule-unterer-neckar.de\/index.php?rest_route=\/wp\/v2\/types\/page"}],"author":[{"embeddable":true,"href":"https:\/\/www.werkrealschule-unterer-neckar.de\/index.php?rest_route=\/wp\/v2\/users\/4"}],"replies":[{"embeddable":true,"href":"https:\/\/www.werkrealschule-unterer-neckar.de\/index.php?rest_route=%2Fwp%2Fv2%2Fcomments&post=485"}],"version-history":[{"count":0,"href":"https:\/\/www.werkrealschule-unterer-neckar.de\/index.php?rest_route=\/wp\/v2\/pages\/485\/revisions"}],"up":[{"embeddable":true,"href":"https:\/\/www.werkrealschule-unterer-neckar.de\/index.php?rest_route=\/wp\/v2\/pages\/20"}],"wp:attachment":[{"href":"https:\/\/www.werkrealschule-unterer-neckar.de\/index.php?rest_route=%2Fwp%2Fv2%2Fmedia&parent=485"}],"curies":[{"name":"wp","href":"https:\/\/api.w.org\/{rel}","templated":true}]}}