{"id":833,"date":"2013-09-09T20:45:46","date_gmt":"2013-09-09T20:45:46","guid":{"rendered":"http:\/\/www.werkrealschule-unterer-neckar.de\/?page_id=833"},"modified":"2024-12-02T12:51:45","modified_gmt":"2024-12-02T10:51:45","slug":"stadtbibliothek-ladenburg","status":"publish","type":"page","link":"https:\/\/www.werkrealschule-unterer-neckar.de\/?page_id=833","title":{"rendered":"Stadtbibliothek Ladenburg"},"content":{"rendered":"<p><a href=\"http:\/\/www.werkrealschule-unterer-neckar.de\/wp-content\/uploads\/2013\/09\/IMG_8128.jpg\"><img loading=\"lazy\" decoding=\"async\" class=\"alignleft size-medium wp-image-837\" src=\"http:\/\/www.werkrealschule-unterer-neckar.de\/wp-content\/uploads\/2013\/09\/IMG_8128-300x200.jpg\" alt=\"IMG_8128\" width=\"300\" height=\"200\" srcset=\"https:\/\/www.werkrealschule-unterer-neckar.de\/wp-content\/uploads\/2013\/09\/IMG_8128-300x200.jpg 300w, https:\/\/www.werkrealschule-unterer-neckar.de\/wp-content\/uploads\/2013\/09\/IMG_8128-400x266.jpg 400w\" sizes=\"auto, (max-width: 300px) 100vw, 300px\" \/><\/a>Unterhaltung und Information vereinen sich in den historischen R\u00e4umen der Ladenburger Stadtbibliothek. Mit mehr als 30.000 B\u00fcchern, Zeitschriften, Zeitungen, CDs, CD-ROMs, DVDs und Spielen pr\u00e4sentiert die Bibliothek auf drei Vollgeschossen und einer Gesamtfl\u00e4che von 972 m\u00b2 ein breites Medienangebot.<\/p>\n<p>&nbsp;<\/p>\n<p>&nbsp;<\/p>\n<h2>Unsere Zusammenarbeit mit der Schule:<\/h2>\n<ul>\n<li>Klassenbesuche bzw. Bibliotheksf\u00fchrungen<\/li>\n<li>Recherchetrainings<\/li>\n<li>B\u00fccher- oder Themenkisten f\u00fcr Unterrichtszwecke<\/li>\n<li>Unterst\u00fctzung bei Einzelprojekten<\/li>\n<li>Autorenlesungen<\/li>\n<li>Lesef\u00f6rderma\u00dfnahmen<\/li>\n<li>Literarische Projekte<\/li>\n<li>allgemeine kulturelle Angebote wie z.B. Theaterauff\u00fchrungen<\/li>\n<li>Bereitstellung von Praktikumspl\u00e4tzen f\u00fcr Sch\u00fclerinnen und Sch\u00fcler im Rahmen der Berufserkundung<\/li>\n<li>Bereitstellung von Praktikumspl\u00e4tzen f\u00fcr Sch\u00fclerinnen und Sch\u00fcler im Rahmen des sozialen Engagments<\/li>\n<\/ul>\n<h2>F\u00fcr Sch\u00fclerinnen und Sch\u00fcler:<b> <\/b><\/h2>\n<p>Wir bieten neben Lernhilfen f\u00fcr alle wesentlichen F\u00e4cher und Klassenstufen auch einen Bestand an Nachschlagewerken in gedruckter und digitaler Form sowie einen ausgebauten aktuellen Sachbuchbestand. Neu ist das Angebot der Personen- und L\u00e4nderdatenbanken des Munzinger-Archivs, welche als Grundlage f\u00fcr Referate und Hausarbeiten als hervorragende Quellen dienen.<\/p>\n<h2>F\u00fcr Lehrerinnen und Lehrer:<\/h2>\n<p>Lehrkr\u00e4fte k\u00f6nnen einen speziellen Leseausweis erhalten, der f\u00fcr den beruflichen Bedarf und zu besonderen Konditionen genutzt werden kann.<\/p>\n<p>&nbsp;<\/p>\n<p>&nbsp;<\/p>\n<p>&nbsp;<\/p>\n","protected":false},"excerpt":{"rendered":"<p>Unterhaltung und Information vereinen sich in den historischen R\u00e4umen der Ladenburger Stadtbibliothek. Mit mehr als 30.000 B\u00fcchern, Zeitschriften, Zeitungen, CDs, CD-ROMs, DVDs und Spielen pr\u00e4sentiert die Bibliothek auf drei Vollgeschossen und einer Gesamtfl\u00e4che von 972 m\u00b2 ein breites Medienangebot. &nbsp; &nbsp; Unsere Zusammenarbeit mit der Schule: Klassenbesuche bzw. Bibliotheksf\u00fchrungen Recherchetrainings B\u00fccher- oder Themenkisten f\u00fcr Unterrichtszwecke [&hellip;]<\/p>\n","protected":false},"author":4,"featured_media":0,"parent":481,"menu_order":10,"comment_status":"closed","ping_status":"closed","template":"","meta":{"footnotes":""},"class_list":["post-833","page","type-page","status-publish","hentry"],"_links":{"self":[{"href":"https:\/\/www.werkrealschule-unterer-neckar.de\/index.php?rest_route=\/wp\/v2\/pages\/833","targetHints":{"allow":["GET"]}}],"collection":[{"href":"https:\/\/www.werkrealschule-unterer-neckar.de\/index.php?rest_route=\/wp\/v2\/pages"}],"about":[{"href":"https:\/\/www.werkrealschule-unterer-neckar.de\/index.php?rest_route=\/wp\/v2\/types\/page"}],"author":[{"embeddable":true,"href":"https:\/\/www.werkrealschule-unterer-neckar.de\/index.php?rest_route=\/wp\/v2\/users\/4"}],"replies":[{"embeddable":true,"href":"https:\/\/www.werkrealschule-unterer-neckar.de\/index.php?rest_route=%2Fwp%2Fv2%2Fcomments&post=833"}],"version-history":[{"count":0,"href":"https:\/\/www.werkrealschule-unterer-neckar.de\/index.php?rest_route=\/wp\/v2\/pages\/833\/revisions"}],"up":[{"embeddable":true,"href":"https:\/\/www.werkrealschule-unterer-neckar.de\/index.php?rest_route=\/wp\/v2\/pages\/481"}],"wp:attachment":[{"href":"https:\/\/www.werkrealschule-unterer-neckar.de\/index.php?rest_route=%2Fwp%2Fv2%2Fmedia&parent=833"}],"curies":[{"name":"wp","href":"https:\/\/api.w.org\/{rel}","templated":true}]}}